{"id":842,"date":"2026-01-07T22:33:57","date_gmt":"2026-01-07T22:33:57","guid":{"rendered":"http:\/\/maghvision.com\/home\/"},"modified":"2026-01-16T21:35:43","modified_gmt":"2026-01-16T21:35:43","slug":"home","status":"publish","type":"page","link":"https:\/\/maghvision.com\/en\/","title":{"rendered":"HOME"},"content":{"rendered":"<p class=\"has-text-align-left has-ast-global-color-8-color has-ast-global-color-5-background-color has-text-color has-background has-link-color has-x-large-font-size wp-elements-44a8092110f4afc1cc694adf6c471072\" style=\"margin-top:var(--wp--preset--spacing--60);margin-right:0;margin-bottom:var(--wp--preset--spacing--60);margin-left:0\">Home<\/p>\n\n\n\n<p><\/p>\n\n\n\n<div class=\"wp-block-uagb-container uagb-block-6d7130c3 alignfull uagb-is-root-container\"><div class=\"uagb-container-inner-blocks-wrap\">\n<p class=\"has-ast-global-color-5-color has-text-color has-link-color has-medium-font-size wp-elements-792fa96ee993d72ad6f628e5c916f53d\" dir=\"ltr\"><strong>\u201cTwo worlds of elegance, designed for the woman who lives in both.\u201d<\/strong><\/p>\n\n\n\n<div class=\"wp-block-uagb-buttons uagb-buttons__outer-wrap uagb-btn__default-btn uagb-btn-tablet__default-btn uagb-btn-mobile__default-btn uagb-block-00654cb4\"><div class=\"uagb-buttons__wrap uagb-buttons-layout-wrap\">\n<div class=\"wp-block-uagb-buttons-child uagb-buttons__outer-wrap uagb-block-4933be7b wp-block-button\"><div class=\"uagb-button__wrapper\"><a class=\"uagb-buttons-repeater wp-block-button__link\" aria-label=\"\" href=\"#\" rel=\"follow noopener\" target=\"_self\" role=\"button\"><div class=\"uagb-button__link\">EXPLORE<\/div><\/a><\/div><\/div>\n<\/div><\/div>\n<\/div><\/div>\n\n\n\n<div class=\"wp-block-uagb-container uagb-layout-flex uagb-block-05294905 alignfull uagb-is-root-container\"><div class=\"uagb-container-inner-blocks-wrap\">\n<div class=\"wp-block-uagb-container uagb-block-ef641968\">\n<p class=\"has-text-align-center has-ast-global-color-5-color has-text-color has-link-color has-x-large-font-size wp-elements-f46a6779707ee372c283101df570ce9e\">Modern<br>Icons<\/p>\n\n\n\n<div class=\"wp-block-uagb-buttons uagb-buttons__outer-wrap uagb-btn__default-btn uagb-btn-tablet__default-btn uagb-btn-mobile__default-btn uagb-block-a0077efe\"><div class=\"uagb-buttons__wrap uagb-buttons-layout-wrap\">\n<div class=\"wp-block-uagb-buttons-child uagb-buttons__outer-wrap uagb-block-a9ee6bb8 wp-block-button\"><div class=\"uagb-button__wrapper\"><a class=\"uagb-buttons-repeater wp-block-button__link\" aria-label=\"\" href=\"https:\/\/maghvision.com\/product-category\/modern-icons\/\" rel=\"follow noopener\" target=\"_self\" role=\"button\"><div class=\"uagb-button__link\">Shop Now<\/div><\/a><\/div><\/div>\n<\/div><\/div>\n<\/div>\n\n\n\n<div class=\"wp-block-uagb-container uagb-block-78d47825\">\n<p class=\"has-text-align-center has-ast-global-color-5-color has-text-color has-link-color has-large-font-size wp-elements-9d06d5ba4ccca1be41297105a0252c20\">Heritage<br>Reimagined<\/p>\n\n\n\n<div class=\"wp-block-uagb-buttons uagb-buttons__outer-wrap uagb-btn__default-btn uagb-btn-tablet__default-btn uagb-btn-mobile__default-btn uagb-block-b0cdaaab\"><div class=\"uagb-buttons__wrap uagb-buttons-layout-wrap\">\n<div class=\"wp-block-uagb-buttons-child uagb-buttons__outer-wrap uagb-block-f5250ecc wp-block-button\"><div class=\"uagb-button__wrapper\"><a class=\"uagb-buttons-repeater wp-block-button__link\" aria-label=\"\" href=\"https:\/\/maghvision.com\/product-category\/heritage-reimagined\/\" rel=\"follow noopener\" target=\"_self\" role=\"button\"><div class=\"uagb-button__link\">Shop Now<\/div><\/a><\/div><\/div>\n<\/div><\/div>\n<\/div>\n<\/div><\/div>\n\n\n\n<div class=\"wp-block-uagb-container uagb-block-b4198d52 alignfull uagb-is-root-container\">\n<div class=\"wp-block-uagb-container uagb-block-0097ee71\">\n<p class=\"has-text-align-left has-ast-global-color-5-color has-text-color has-link-color wp-elements-efdd39569cdf0d79f2eb2d6d031f84cb\">Magh Vision began with two young women who saw the world differently<br>.One foot in modernity<br>.One heart in heritage<br>A vision shaped by the softness of memories and the sharpness of ambition<\/p>\n\n\n\n<div class=\"wp-block-uagb-buttons uagb-buttons__outer-wrap uagb-btn__default-btn uagb-btn-tablet__default-btn uagb-btn-mobile__default-btn uagb-block-057ccdb4\"><div class=\"uagb-buttons__wrap uagb-buttons-layout-wrap\">\n<div class=\"wp-block-uagb-buttons-child uagb-buttons__outer-wrap uagb-block-0b2ac56e wp-block-button\"><div class=\"uagb-button__wrapper\"><a class=\"uagb-buttons-repeater wp-block-button__link\" aria-label=\"\" href=\"https:\/\/maghvision.com\/about-us\/\" rel=\"follow noopener\" target=\"_self\" role=\"button\"><div class=\"uagb-button__link\">read more<\/div><span class=\"uagb-button__icon uagb-button__icon-position-after\"><svg xmlns=\"https:\/\/www.w3.org\/2000\/svg\" viewbox=\"0 0 448 512\" aria-hidden=\"true\" focussable=\"false\"><path d=\"M438.6 278.6l-160 160C272.4 444.9 264.2 448 256 448s-16.38-3.125-22.62-9.375c-12.5-12.5-12.5-32.75 0-45.25L338.8 288H32C14.33 288 .0016 273.7 .0016 256S14.33 224 32 224h306.8l-105.4-105.4c-12.5-12.5-12.5-32.75 0-45.25s32.75-12.5 45.25 0l160 160C451.1 245.9 451.1 266.1 438.6 278.6z\"><\/path><\/svg><\/span><\/a><\/div><\/div>\n<\/div><\/div>\n<\/div>\n\n\n\n<div class=\"wp-block-uagb-container uagb-block-e04e9345\">\n<div class=\"wp-block-uagb-image uagb-block-6384bb06 wp-block-uagb-image--layout-default wp-block-uagb-image--effect-static wp-block-uagb-image--align-none\"><figure class=\"wp-block-uagb-image__figure\"><img decoding=\"async\" srcset=\"https:\/\/maghvision.com\/wp-content\/uploads\/2026\/01\/b5711c35-878a-498a-bd5f-58a6bf5bc81d.jpg ,https:\/\/maghvision.com\/wp-content\/uploads\/2026\/01\/b5711c35-878a-498a-bd5f-58a6bf5bc81d.jpg 780w, https:\/\/maghvision.com\/wp-content\/uploads\/2026\/01\/b5711c35-878a-498a-bd5f-58a6bf5bc81d.jpg 360w\" sizes=\"auto, (max-width: 480px) 150px\" src=\"https:\/\/maghvision.com\/wp-content\/uploads\/2026\/01\/b5711c35-878a-498a-bd5f-58a6bf5bc81d.jpg\" alt=\"\" class=\"uag-image-2159\" width=\"538\" height=\"538\" title=\"b5711c35-878a-498a-bd5f-58a6bf5bc81d\" loading=\"lazy\" role=\"img\"\/><\/figure><\/div>\n<\/div>\n<\/div>\n\n\n\n<div class=\"wp-block-columns is-layout-flex wp-container-core-columns-is-layout-28f84493 wp-block-columns-is-layout-flex\">\n<div class=\"wp-block-column is-layout-flow wp-block-column-is-layout-flow\">\n<div class=\"wp-block-uagb-image aligncenter uagb-block-dad87ab8 wp-block-uagb-image--layout-default wp-block-uagb-image--effect-static wp-block-uagb-image--align-center\"><figure class=\"wp-block-uagb-image__figure\"><img decoding=\"async\" srcset=\"https:\/\/maghvision.com\/wp-content\/uploads\/2026\/01\/telecharger__11_-removebg-preview-2.png ,https:\/\/maghvision.com\/wp-content\/uploads\/2026\/01\/telecharger__11_-removebg-preview-2.png 780w, https:\/\/maghvision.com\/wp-content\/uploads\/2026\/01\/telecharger__11_-removebg-preview-2.png 360w\" sizes=\"auto, (max-width: 480px) 150px\" src=\"https:\/\/maghvision.com\/wp-content\/uploads\/2026\/01\/telecharger__11_-removebg-preview-2.png\" alt=\"\" class=\"uag-image-2217\" width=\"68\" height=\"68\" title=\"t\u00e9l\u00e9charger__11_-removebg-preview\" loading=\"lazy\" role=\"img\"\/><\/figure><\/div>\n\n\n\n<p class=\"has-text-align-center has-small-font-size\"><strong>Cash On Delivery<\/strong><\/p>\n<\/div>\n\n\n\n<div class=\"wp-block-column is-layout-flow wp-block-column-is-layout-flow\">\n<div class=\"wp-block-uagb-image aligncenter uagb-block-8d8add0f wp-block-uagb-image--layout-default wp-block-uagb-image--effect-static wp-block-uagb-image--align-center\"><figure class=\"wp-block-uagb-image__figure\"><img decoding=\"async\" srcset=\"https:\/\/maghvision.com\/wp-content\/uploads\/2026\/01\/telecharger__10_-removebg-preview-2.png ,https:\/\/maghvision.com\/wp-content\/uploads\/2026\/01\/telecharger__10_-removebg-preview-2.png 780w, https:\/\/maghvision.com\/wp-content\/uploads\/2026\/01\/telecharger__10_-removebg-preview-2.png 360w\" sizes=\"auto, (max-width: 480px) 150px\" src=\"https:\/\/maghvision.com\/wp-content\/uploads\/2026\/01\/telecharger__10_-removebg-preview-2.png\" alt=\"\" class=\"uag-image-2218\" width=\"68\" height=\"68\" title=\"t\u00e9l\u00e9charger__10_-removebg-preview\" loading=\"lazy\" role=\"img\"\/><\/figure><\/div>\n\n\n\n<p class=\"has-text-align-center has-small-font-size\"><strong>High Quality<\/strong><\/p>\n<\/div>\n\n\n\n<div class=\"wp-block-column is-layout-flow wp-block-column-is-layout-flow\">\n<div class=\"wp-block-uagb-image aligncenter uagb-block-77968768 wp-block-uagb-image--layout-default wp-block-uagb-image--effect-static wp-block-uagb-image--align-center\"><figure class=\"wp-block-uagb-image__figure\"><img decoding=\"async\" srcset=\"https:\/\/maghvision.com\/wp-content\/uploads\/2026\/01\/Camion_De_Livraison_Illustration_Vectorielle_Icone_Modele_Isole_PNG___Camion_Noir_Et_Blanc__Icones_De_Livraison__Icones_De_Camion_PNG_et_vecteur_pour_telechargement_gratuit-removebg-preview-2.png ,https:\/\/maghvision.com\/wp-content\/uploads\/2026\/01\/Camion_De_Livraison_Illustration_Vectorielle_Icone_Modele_Isole_PNG___Camion_Noir_Et_Blanc__Icones_De_Livraison__Icones_De_Camion_PNG_et_vecteur_pour_telechargement_gratuit-removebg-preview-2.png 780w, https:\/\/maghvision.com\/wp-content\/uploads\/2026\/01\/Camion_De_Livraison_Illustration_Vectorielle_Icone_Modele_Isole_PNG___Camion_Noir_Et_Blanc__Icones_De_Livraison__Icones_De_Camion_PNG_et_vecteur_pour_telechargement_gratuit-removebg-preview-2.png 360w\" sizes=\"auto, (max-width: 480px) 150px\" src=\"https:\/\/maghvision.com\/wp-content\/uploads\/2026\/01\/Camion_De_Livraison_Illustration_Vectorielle_Icone_Modele_Isole_PNG___Camion_Noir_Et_Blanc__Icones_De_Livraison__Icones_De_Camion_PNG_et_vecteur_pour_telechargement_gratuit-removebg-preview-2.png\" alt=\"\" class=\"uag-image-2219\" width=\"68\" height=\"68\" title=\"Camion_De_Livraison_Illustration_Vectorielle_Ic\u00f4ne_Mod\u00e8le_Isol\u00e9_PNG___Camion_Noir_Et_Blanc__Ic\u00f4nes_De_Livraison__Ic\u00f4nes_De_Camion_PNG_et_vecteur_pour_t\u00e9l\u00e9chargement_gratuit-removebg-preview\" loading=\"lazy\" role=\"img\"\/><\/figure><\/div>\n\n\n\n<p class=\"has-text-align-center has-small-font-size\"><strong>Free Shipping<\/strong><\/p>\n<\/div>\n<\/div>\n\n\n\n<p class=\"has-text-align-left has-small-font-size\"><\/p>\n\n\n\n<p><\/p>","protected":false},"excerpt":{"rendered":"<p>Home \u201cTwo worlds of elegance, designed for the woman who lives in both.\u201d ModernIcons HeritageReimagined Magh Vision began with two young women who saw the world differently.One foot in modernity.One heart in heritageA vision shaped by the softness of memories and the sharpness of ambition Cash On Delivery High Quality Free Shipping<\/p>","protected":false},"author":1,"featured_media":0,"parent":0,"menu_order":0,"comment_status":"closed","ping_status":"closed","template":"","meta":{"_uag_custom_page_level_css":"","site-sidebar-layout":"default","site-content-layout":"page-builder","ast-site-content-layout":"full-width-container","site-content-style":"unboxed","site-sidebar-style":"unboxed","ast-global-header-display":"","ast-banner-title-visibility":"","ast-main-header-display":"","ast-hfb-above-header-display":"","ast-hfb-below-header-display":"","ast-hfb-mobile-header-display":"","site-post-title":"disabled","ast-breadcrumbs-content":"","ast-featured-img":"","footer-sml-layout":"","ast-disable-related-posts":"","theme-transparent-header-meta":"","adv-header-id-meta":"","stick-header-meta":"","header-above-stick-meta":"","header-main-stick-meta":"","header-below-stick-meta":"","astra-migrate-meta-layouts":"set","ast-page-background-enabled":"default","ast-page-background-meta":{"desktop":{"background-color":"","background-image":"","background-repeat":"repeat","background-position":"center center","background-size":"auto","background-attachment":"scroll","background-type":"","background-media":"","overlay-type":"","overlay-color":"","overlay-opacity":"","overlay-gradient":""},"tablet":{"background-color":"","background-image":"","background-repeat":"repeat","background-position":"center center","background-size":"auto","background-attachment":"scroll","background-type":"","background-media":"","overlay-type":"","overlay-color":"","overlay-opacity":"","overlay-gradient":""},"mobile":{"background-color":"","background-image":"","background-repeat":"repeat","background-position":"center center","background-size":"auto","background-attachment":"scroll","background-type":"","background-media":"","overlay-type":"","overlay-color":"","overlay-opacity":"","overlay-gradient":""}},"ast-content-background-meta":{"desktop":{"background-color":"var(--ast-global-color-5)","background-image":"","background-repeat":"repeat","background-position":"center center","background-size":"auto","background-attachment":"scroll","background-type":"","background-media":"","overlay-type":"","overlay-color":"","overlay-opacity":"","overlay-gradient":""},"tablet":{"background-color":"var(--ast-global-color-5)","background-image":"","background-repeat":"repeat","background-position":"center center","background-size":"auto","background-attachment":"scroll","background-type":"","background-media":"","overlay-type":"","overlay-color":"","overlay-opacity":"","overlay-gradient":""},"mobile":{"background-color":"var(--ast-global-color-5)","background-image":"","background-repeat":"repeat","background-position":"center center","background-size":"auto","background-attachment":"scroll","background-type":"","background-media":"","overlay-type":"","overlay-color":"","overlay-opacity":"","overlay-gradient":""}},"footnotes":""},"class_list":["post-842","page","type-page","status-publish","hentry"],"_hostinger_reach_plugin_has_subscription_block":false,"_hostinger_reach_plugin_is_elementor":false,"uagb_featured_image_src":{"full":false,"thumbnail":false,"medium":false,"medium_large":false,"large":false,"1536x1536":false,"2048x2048":false,"trp-custom-language-flag":false,"woocommerce_thumbnail":false,"woocommerce_single":false,"woocommerce_gallery_thumbnail":false,"variation_swatches_image_size":false,"variation_swatches_tooltip_size":false},"uagb_author_info":{"display_name":"sara maghrada","author_link":"https:\/\/maghvision.com\/en\/author\/smaghradagmail-com\/"},"uagb_comment_info":0,"uagb_excerpt":"Home \u201cTwo worlds of elegance, designed for the woman who lives in both.\u201d ModernIcons HeritageReimagined Magh Vision began with two young women who saw the world differently.One foot in modernity.One heart in heritageA vision shaped by the softness of memories and the sharpness of ambition Cash On Delivery High Quality Free Shipping","_links":{"self":[{"href":"https:\/\/maghvision.com\/en\/wp-json\/wp\/v2\/pages\/842","targetHints":{"allow":["GET"]}}],"collection":[{"href":"https:\/\/maghvision.com\/en\/wp-json\/wp\/v2\/pages"}],"about":[{"href":"https:\/\/maghvision.com\/en\/wp-json\/wp\/v2\/types\/page"}],"author":[{"embeddable":true,"href":"https:\/\/maghvision.com\/en\/wp-json\/wp\/v2\/users\/1"}],"replies":[{"embeddable":true,"href":"https:\/\/maghvision.com\/en\/wp-json\/wp\/v2\/comments?post=842"}],"version-history":[{"count":52,"href":"https:\/\/maghvision.com\/en\/wp-json\/wp\/v2\/pages\/842\/revisions"}],"predecessor-version":[{"id":2375,"href":"https:\/\/maghvision.com\/en\/wp-json\/wp\/v2\/pages\/842\/revisions\/2375"}],"wp:attachment":[{"href":"https:\/\/maghvision.com\/en\/wp-json\/wp\/v2\/media?parent=842"}],"curies":[{"name":"wp","href":"https:\/\/api.w.org\/{rel}","templated":true}]}}